{"id":19,"date":"2021-08-23T09:09:21","date_gmt":"2021-08-23T09:09:21","guid":{"rendered":"https:\/\/karriere.kahnenbley.de\/?page_id=19"},"modified":"2023-11-01T15:08:12","modified_gmt":"2023-11-01T15:08:12","slug":"deine-karriere-bei-kahnenbley","status":"publish","type":"page","link":"https:\/\/karriere.kahnenbley.de\/","title":{"rendered":"Deine Karriere bei Kahnenbley"},"content":{"rendered":"<div id='full_slider_1'  class='avia-fullwidth-slider main_color avia-shadow  av-small-hide av-mini-hide  avia-builder-el-0  el_before_av_video  avia-builder-el-first   container_wrap fullsize' style=' '  ><div   data-size='featured'  data-lightbox_size='large'  data-animation='slide'  data-conditional_play=''  data-ids='44'  data-video_counter='0'  data-autoplay='false'  data-bg_slider='false'  data-slide_height=''  data-handle='av_slideshow_full'  data-interval='5'  data-class=' '  data-el_id=''  data-css_id=''  data-scroll_down=''  data-control_layout='av-control-default'  data-custom_markup=''  data-perma_caption=''  data-autoplay_stopper=''  data-image_attachment=''  data-min_height='0px'  data-lazy_loading='disabled'  data-src=''  data-position='top left'  data-repeat='no-repeat'  data-attach='scroll'  data-stretch=''  data-default-height='28.666666666667'  class='avia-slideshow avia-slideshow-1  av-control-default av-default-height-applied avia-slideshow-featured av_slideshow_full   avia-slide-slider '  itemprop=\"image\" itemscope=\"itemscope\" itemtype=\"https:\/\/schema.org\/ImageObject\" ><ul class='avia-slideshow-inner ' style='padding-bottom: 41.747572815534%;' ><li  class=' av-single-slide slide-1 ' ><div data-rel='slideshow-1' class='avia-slide-wrap '   ><div class = \"caption_fullwidth av-slideshow-caption caption_center caption_center_framed caption_framed\"><div class = \"container caption_container\"><div class = \"slideshow_caption\"><div class = \"slideshow_inner_caption\"><div class = \"slideshow_align_caption\"><h2  style='font-size:38px; ' class='avia-caption-title  '  itemprop=\"name\" >Geht nicht, gibt\u00b4s nicht:Ecken suchen Kanten!<\/h2><div class='avia-caption-content  av_inherit_color'  itemprop=\"description\"   style='font-size:26px; '><p>Deine Karriere bei Kahnenbley<\/p>\n<\/div><\/div><\/div><\/div><\/div><\/div><img decoding=\"async\" class=\"wp-image-44 avia-img-lazy-loading-not-44\"  src=\"https:\/\/karriere.kahnenbley.de\/wp-content\/uploads\/2021\/08\/IMG_20190321_170727_177-1-1030x584-1-1030x430.jpeg\" width=\"1030\" height=\"430\" title='IMG_20190321_170727_177-1-1030x584' alt=''  itemprop=\"thumbnailUrl\"   \/><div class='av-section-color-overlay' style='opacity: 0.3; background-color: #000000; '><\/div><\/div><\/li><\/ul><\/div><\/div><div id='after_full_slider_1'  class='main_color av_default_container_wrap container_wrap fullsize' style=' '  ><div class='container' ><div class='template-page content  av-content-full alpha units'><div class='post-entry post-entry-type-page post-entry-19'><div class='entry-content-wrapper clearfix'>\n<div  class='avia-video avia-video-16-9 avia-video-html5   av-desktop-hide av-medium-hide'   itemprop=\"video\" itemtype=\"https:\/\/schema.org\/VideoObject\"  data-original_url='https:\/\/karriere.kahnenbley.de\/wp-content\/uploads\/2023\/11\/KB-SPIELPLATZ-FB-IG-Kombi-Beitrag-26sec.mp4' ><video class='avia_video'  autoplay loop preload=\"metadata\" muted controls id='player_19_1927957548_1103419367'><source src=\"https:\/\/karriere.kahnenbley.de\/wp-content\/uploads\/2023\/11\/KB-SPIELPLATZ-FB-IG-Kombi-Beitrag-26sec.mp4\" type=\"video\/mp4\" \/><\/video><\/div>\n<\/div><\/div><\/div><!-- close content main div --><\/div><\/div><div id='av_section_1'  class='avia-section main_color avia-section-default avia-no-border-styling  avia-bg-style-scroll  avia-builder-el-2  el_after_av_video  el_before_av_section   container_wrap fullsize' style='background-color: #ffffff;  margin-top:-80px; margin-bottom:0px; '  ><div class='container' ><div class='template-page content  av-content-full alpha units'><div class='post-entry post-entry-type-page post-entry-19'><div class='entry-content-wrapper clearfix'>\n<div class=\"flex_column av_three_fifth  flex_column_div av-zero-column-padding first  avia-builder-el-3  el_before_av_two_fifth  avia-builder-el-first  \" style='border-radius:0px; '><p><div  style='padding-bottom:10px; color:#ef7b00;' class='av-special-heading av-special-heading-h1 custom-color-heading blockquote modern-quote  avia-builder-el-4  el_before_av_hr  avia-builder-el-first  av-thin-font '><h1 class='av-special-heading-tag '  itemprop=\"headline\"  ><strong>M\u00e4nnerspielplatz suchtAufsichtsperson!<\/strong><\/h1><div class='special-heading-border'><div class='special-heading-inner-border' style='border-color:#ef7b00'><\/div><\/div><\/div><br \/>\n<div  style='height:20px' class='hr hr-invisible   avia-builder-el-5  el_after_av_heading  el_before_av_textblock '><span class='hr-inner ' ><span class='hr-inner-style'><\/span><\/span><\/div><br \/>\n<section class=\"av_textblock_section \"  itemscope=\"itemscope\" itemtype=\"https:\/\/schema.org\/CreativeWork\" ><div class='avia_textblock  '  style='font-size:14px; '  itemprop=\"text\" ><p><span style=\"color: #000000;\">Wir entsorgen Bohrschlamm: Als zertifizierter Entsorgungsfachbetrieb machen wir seit mehr als 25 Jahren unsere Kunden gl\u00fccklich. Denn wenn Kahnenbley kommt, wird\u2019s gut.<\/span><\/p>\n<p><span style=\"color: #000000;\">Kahnenbley Umweltservice ist ein wachsendes Unternehmen. Deshalb brauchen wir Dich! Du suchst nicht nur irgendeinen \u201eJob\u201c, willst vielmehr Teil eines tollen Teams sein? In das Du dich voll einbringst? Damit Du abends nicht platt \u2013 sondern stolz bist? Daf\u00fcr \u00fcbernimmst Du gern Verantwortung und stehst immer voll hinter Deinem Arbeitgeber?<\/span><\/p>\n<p><span style=\"color: #000000;\">Super, passt! Denn wir leben echten Teamgeist: leidenschaftlich, verantwortungsbewusst und innovativ. Doch vor allem: norddeutsch und geradlinig. Wir sind ein Familienunternehmen, bei dem das Miteinander stimmt. Und das soll auch so bleiben. Klookschieters un Meckerb\u00fcddels sind wir schon selbst. Jetzt suchen wir mal was anderes. <\/span><\/p>\n<p><strong><span style=\"color: #000000;\">Passt auch f\u00fcr Dich? Dann ruf uns einfach an!<\/span><\/strong><\/p>\n<\/div><\/section><br \/>\n<div  style='height:20px' class='hr hr-invisible   avia-builder-el-7  el_after_av_textblock  el_before_av_button '><span class='hr-inner ' ><span class='hr-inner-style'><\/span><\/span><\/div><br \/>\n<div  class='avia-button-wrap avia-button-left  avia-builder-el-8  el_after_av_hr  el_before_av_hr ' ><a href='tel:0407687373'  class='avia-button   avia-icon_select-yes-left-icon avia-size-x-large avia-position-left '  style='background-color:#ef7b00; border-color:#ef7b00; color:#ffffff; ' ><span class='avia_button_icon avia_button_icon_left ' aria-hidden='true' data-av_icon='\ue854' data-av_iconfont='entypo-fontello'><\/span><span class='avia_iconbox_title' >+49 (0) 40 7687373<\/span><\/a><\/div><br \/>\n<div  style='height:20px' class='hr hr-invisible   avia-builder-el-9  el_after_av_button  el_before_av_toggle_container '><span class='hr-inner ' ><span class='hr-inner-style'><\/span><\/span><\/div><br \/>\n<div   class=\"togglecontainer  av-elegant-toggle toggle_close_all  avia-builder-el-10  el_after_av_hr  avia-builder-el-last \" >\n<section class=\"av_toggle_section\"  itemscope=\"itemscope\" itemtype=\"https:\/\/schema.org\/CreativeWork\"  >    <div role=\"tablist\" class=\"single_toggle\" data-tags=\"{Alle} \"  >        <p data-fake-id=\"#toggle-id-1\" class=\"toggler  hasCustomColor av-inherit-font-color  av-inherit-border-color \"  itemprop=\"headline\"  style='background-color: #ffffff; color: #000000; border-color: #ef7b00; '  role=\"tab\" tabindex=\"0\" aria-controls=\"toggle-id-1\"><strong>Schlosser\/LKW- und Landmaschinenschlosser (m\/w\/d)<\/strong><span class=\"toggle_icon\" style='border-color:#000000;'>        <span class=\"vert_icon\"><\/span><span class=\"hor_icon\"><\/span><\/span><\/p>        <div id=\"toggle-id-1\" class=\"toggle_wrap \"   >            <div class=\"toggle_content invers-color  av-inherit-font-color  av-inherit-border-color \"  itemprop=\"text\"  style='background-color: #ffffff; color: #000000; border-color: #ef7b00; ' ><p><span style=\"font-size: medium;\"><b>Schlosser\/LKW- und Landmaschinenschlosser (m\/w\/d)<\/b><\/span><\/p>\n<p>Wir suchen einen erfahrenen Schlosser oder LKW- und Landmaschinenschlosser, der\/die f\u00fcr die Wartung,\u00a0 Reparatur und Instandhaltung von Maschinen und Anlagen verantwortlich ist. Der ideale Kandidat\/die ideale\u00a0Kandidatin sollte \u00fcber eine abgeschlossene Ausbildung als Schlosser oder eine \u00e4hnliche Qualifikation verf\u00fcgen.<\/p>\n<p><span style=\"color: #000000;\"><strong>Das solltest du draufhaben:<\/strong><\/span><\/p>\n<ul>\n<li>Wartung, Reparatur und Instandhaltung von Maschinen und Anlagen<\/li>\n<li>Durchf\u00fchrung von Inspektionen und Diagnosen zur Identifizierung von Fehlern<\/li>\n<li>Bestellung von Ersatzteilen und Materialien<\/li>\n<li>Zusammenarbeit mit anderen Abteilungen, um sicherzustellen, dass die Arbeit reibungslos verl\u00e4uft<\/li>\n<\/ul>\n<p><span style=\"color: #000000;\"><strong>Das solltest du mitbringen:\u00a0<\/strong><\/span><\/p>\n<ul>\n<li>Abgeschlossene Ausbildung als Schlosser oder eine \u00e4hnliche Qualifikation<\/li>\n<li>Erfahrung in der Wartung, Reparatur und Instandhaltung von Maschinen und Anlagen<\/li>\n<li>Kenntnisse in der Diagnose von Fehlern<\/li>\n<li>F\u00e4higkeit, selbstst\u00e4ndig zu arbeiten<\/li>\n<li>Teamf\u00e4higkeit<\/li>\n<\/ul>\n<p><span style=\"color: #000000;\"><strong>Das bieten wir Dir:<\/strong><\/span><\/p>\n<ul>\n<li>Flexible Arbeitszeiten&#8230;<\/li>\n<li>Weiterbildungsm\u00f6glichkeiten&#8230;<\/li>\n<li>Sozialleistung&#8230;<\/li>\n<li>Soziale Aktivit\u00e4ten: Team-Events, Team-Firmenausfl\u00fcge, Team-Feiern<\/li>\n<\/ul>\n<p><span style=\"color: #000000;\"><strong>Schreib uns:<\/strong>\u00a0<a style=\"color: #000000;\" href=\"mailto:info@kahnenbley.de\">info@kahnenbley.de<\/a>.\u00a0<\/span><\/p>\n<p><span style=\"color: #000000;\">Wenn Du uns \u00fcberzeugst, laden wir Dich in unserer B\u00fcro in Winsen (Luhe) ein.\u00a0<\/span><\/p>\n<p><span style=\"color: #000000;\"><strong>Wir freuen uns auf Deine Bewerbung!<\/strong><\/span><\/p>\n            <\/div>        <\/div>    <\/div><\/section>\n<section class=\"av_toggle_section\"  itemscope=\"itemscope\" itemtype=\"https:\/\/schema.org\/CreativeWork\"  >    <div role=\"tablist\" class=\"single_toggle\" data-tags=\"{Alle} \"  >        <p data-fake-id=\"#toggle-id-2\" class=\"toggler  hasCustomColor av-inherit-font-color  av-inherit-border-color \"  itemprop=\"headline\"  style='background-color: #ffffff; color: #000000; border-color: #ef7b00; '  role=\"tab\" tabindex=\"0\" aria-controls=\"toggle-id-2\"><strong>Kraftfahrer (m\/w\/d)<\/strong><span class=\"toggle_icon\" style='border-color:#000000;'>        <span class=\"vert_icon\"><\/span><span class=\"hor_icon\"><\/span><\/span><\/p>        <div id=\"toggle-id-2\" class=\"toggle_wrap \"   >            <div class=\"toggle_content invers-color  av-inherit-font-color  av-inherit-border-color \"  itemprop=\"text\"  style='background-color: #ffffff; color: #000000; border-color: #ef7b00; ' ><p><span style=\"color: #000000;\"><strong>Das solltest du draufhaben:<\/strong><\/span><\/p>\n<ul>\n<li><span style=\"color: #000000;\">Zuverl\u00e4ssig, engagiert, kollegial<\/span><\/li>\n<li><span style=\"color: #000000;\">Eigenverantwortliches und selbstst\u00e4ndiges Arbeiten<\/span><\/li>\n<li><span style=\"color: #000000;\">Netten Kundenschnack vor Ort<\/span><\/li>\n<\/ul>\n<p><span style=\"color: #000000;\"><strong>Das solltest du mitbringen:\u00a0<\/strong><\/span><\/p>\n<ul>\n<li><span style=\"color: #000000;\">Erfahrung\u00a0als Berufskraftfahrer<\/span><\/li>\n<li><span style=\"color: #000000;\">Fit auf\u00a0Sattel, 3-Achser, Zetros, Unimog und Schlepper<\/span><\/li>\n<li><span style=\"color: #000000;\">K\u00f6rperlich belastbar<\/span><\/li>\n<li><span style=\"color: #000000;\">Deutschkenntnisse in Wort und Schrift<\/span><\/li>\n<li><span style=\"color: #000000;\">F\u00fchrerschein Klasse CE, mit Kennung 95<\/span><\/li>\n<li><span style=\"color: #000000;\">`N beten technisches Verst\u00e4ndnis<\/span><\/li>\n<\/ul>\n<p><span style=\"color: #000000;\"><strong>Das bieten wir Dir:<\/strong><\/span><\/p>\n<ul>\n<li><span style=\"color: #000000;\">Eine krisenfeste Stelle als King\u00a0auf\u2018m Bock<\/span><\/li>\n<li><span style=\"color: #000000;\">Unbefristeter Vertrag<\/span><\/li>\n<li><span style=\"color: #000000;\">\u00dcbertarifliche Bezahlung<\/span><\/li>\n<li><span style=\"color: #000000;\">Super Teamgeist<\/span><\/li>\n<li><span style=\"color: #000000;\">Ein Familienunternehmen mit flachen Hierarchien<\/span><\/li>\n<\/ul>\n<p><span style=\"color: #000000;\"><strong>Schreib uns:<\/strong>\u00a0<a style=\"color: #000000;\" href=\"mailto:info@kahnenbley.de\">info@kahnenbley.de<\/a>.\u00a0<\/span><\/p>\n<p><span style=\"color: #000000;\">Wenn Du uns \u00fcberzeugst, laden wir Dich in unserer B\u00fcro in Winsen (Luhe) ein.\u00a0<\/span><\/p>\n<p><span style=\"color: #000000;\"><strong>Wir freuen uns auf Deine Bewerbung!<\/strong><\/span><\/p>\n            <\/div>        <\/div>    <\/div><\/section>\n<\/div><\/p><\/div><div class=\"flex_column av_two_fifth  flex_column_div av-zero-column-padding   avia-builder-el-11  el_after_av_three_fifth  avia-builder-el-last  \" style='border-radius:0px; '><div  class='avia-video avia-video-4-3 avia-video-html5   av-small-hide av-mini-hide'   itemprop=\"video\" itemtype=\"https:\/\/schema.org\/VideoObject\"  data-original_url='https:\/\/karriere.kahnenbley.de\/wp-content\/uploads\/2023\/11\/KB-SPIELPLATZ-FB-IG-Kombi-Beitrag-26sec.mp4' ><video class='avia_video'  autoplay loop preload=\"metadata\" muted controls id='player_19_1265398496_268133148'><source src=\"https:\/\/karriere.kahnenbley.de\/wp-content\/uploads\/2023\/11\/KB-SPIELPLATZ-FB-IG-Kombi-Beitrag-26sec.mp4\" type=\"video\/mp4\" \/><\/video><\/div><\/div><\/div><\/div><\/div><!-- close content main div --><\/div><\/div><div id='av_section_2'  class='avia-section main_color avia-section-default avia-no-border-styling  avia-bg-style-scroll  avia-builder-el-13  el_after_av_section  avia-builder-el-last   container_wrap fullsize' style='background-color: #ef7b00;  '  ><div class='container' ><div class='template-page content  av-content-full alpha units'><div class='post-entry post-entry-type-page post-entry-19'><div class='entry-content-wrapper clearfix'>\n<div class=\"flex_column av_three_fifth  flex_column_div av-zero-column-padding first  avia-builder-el-14  el_before_av_two_fifth  avia-builder-el-first  \" style='border-radius:0px; '><p><div  style='padding-bottom:10px; color:#ffffff;' class='av-special-heading av-special-heading-h1 custom-color-heading blockquote modern-quote  avia-builder-el-15  el_before_av_hr  avia-builder-el-first  av-thin-font '><h1 class='av-special-heading-tag '  itemprop=\"headline\"  ><strong>Dein Draht zu uns<\/strong><\/h1><div class='special-heading-border'><div class='special-heading-inner-border' style='border-color:#ffffff'><\/div><\/div><\/div><br \/>\n<div  style='height:20px' class='hr hr-invisible   avia-builder-el-16  el_after_av_heading  el_before_av_contact '><span class='hr-inner ' ><span class='hr-inner-style'><\/span><\/span><\/div><br \/>\n<form action=\"https:\/\/karriere.kahnenbley.de\/\" method=\"post\"  class=\"avia_ajax_form av-form-labels-hidden   avia-builder-el-17  el_after_av_hr  avia-builder-el-last   \" data-avia-form-id=\"1\" data-avia-redirect='' ><fieldset><p class='  first_form  form_element form_fullwidth' id='element_avia_1_1'><label for=\"avia_1_1\">Vor- und Nachname <abbr class=\"required\" title=\"ben\u00f6tigt\">*<\/abbr><\/label> <input name=\"avia_1_1\" class=\"text_input is_empty\" type=\"text\" id=\"avia_1_1\" value=\"\"  placeholder='Vor- und Nachname*'\/><\/p><p class='  first_form  form_element form_fullwidth' id='element_avia_2_1'><label for=\"avia_2_1\">E-Mail Adresse <abbr class=\"required\" title=\"ben\u00f6tigt\">*<\/abbr><\/label> <input name=\"avia_2_1\" class=\"text_input is_email\" type=\"text\" id=\"avia_2_1\" value=\"\"  placeholder='E-Mail Adresse*'\/><\/p><p class='  first_form  form_element form_fullwidth' id='element_avia_3_1'><label for=\"avia_3_1\">Telefonnummer <abbr class=\"required\" title=\"ben\u00f6tigt\">*<\/abbr><\/label> <input name=\"avia_3_1\" class=\"text_input is_empty\" type=\"text\" id=\"avia_3_1\" value=\"\"  placeholder='Telefonnummer*'\/><\/p><p class=' first_form  form_element form_fullwidth' id='element_avia_4_1'><label for=\"avia_4_1\">Jobauswahl <abbr class=\"required\" title=\"ben\u00f6tigt\">*<\/abbr><\/label> <select  name=\"avia_4_1\" class=\"select is_empty\" id=\"avia_4_1\"><option  value =''>Jobauswahl*<\/option><option  value ='Kraftfahrer (m\/w\/d)'>Kraftfahrer (m\/w\/d)<\/option><\/select><\/p><p class='  first_form  form_element form_fullwidth' id='element_avia_5_1'><label for=\"avia_5_1\" class=\"textare_label hidden textare_label_avia_5_1\">Deine Nachricht an uns<\/label><textarea  placeholder='Deine Nachricht an uns' name=\"avia_5_1\" class=\"text_area \" cols=\"40\" rows=\"7\" id=\"avia_5_1\" ><\/textarea><\/p><p class=\"hidden\"><input type=\"text\" name=\"avia_6_1\" class=\"hidden \" id=\"avia_6_1\" value=\"\" \/><\/p><div id='avia_7_1' class='av-recaptcha-area  first_form  form_element form_fullwidth av-last-visible-form-element '  data-container_class=\"\" data-custom_class=\"\" data-context=\"av_contact_form\" data-token_input=\"av_recaptcha_token\" data-version=\"avia_recaptcha_v2\" data-theme=\"light\" data-size=\"normal\" data-score=\"0.5\" data-text_to_preview=\"\" data-value=\"\"><div class=\"av-google-badge-message hidden\">Diese Seite wird durch reCAPTCHA gesch\u00fctzt und es gelten die Google <a href=\"https:\/\/policies.google.com\/privacy\">Datenschutzerkl\u00e4rungen<\/a> und <a href=\"https:\/\/policies.google.com\/terms\">Nutzungsbedingungen<\/a><\/div><\/div><p class='av_form_privacy_check av_contact_privacy_check first_form  form_element form_fullwidth' id='element_avia_8_1'>    <input  name=\"avia_8_1\" class=\"input_checkbox is_empty\" type=\"checkbox\" id=\"avia_8_1\" value=\"true\"\/><label class=\"input_checkbox_label\" for=\"avia_8_1\">Ich habe die Datenschutzvereinbarung gelesen und bin einverstanden. <abbr class=\"required\" title=\"ben\u00f6tigt\">*<\/abbr><\/label><\/p><p class=\"form_element \"><input type=\"hidden\" value=\"1\" name=\"avia_generated_form1\" \/><input type=\"submit\" value=\"Senden\" class=\"button\"  data-sending-label=\"Sende\"\/><\/p><\/fieldset><div class=\"avia-disabled-form\">Dieses Kontaktformular ist momentan deaktiviert, da Sie den Google reCAPTCHA-Service noch nicht akzeptiert haben. Dieser ist f\u00fcr die Validierung des Sendevorgangs jedoch notwendig<\/div><\/form><div id=\"ajaxresponse_1\" class=\"ajaxresponse ajaxresponse_1 hidden\"><\/div><\/p><\/div><div class=\"flex_column av_two_fifth  flex_column_div av-zero-column-padding   avia-builder-el-18  el_after_av_three_fifth  avia-builder-el-last  \" style='border-radius:0px; '><p><div  style='height:50px' class='hr hr-invisible   avia-builder-el-19  el_before_av_textblock  avia-builder-el-first '><span class='hr-inner ' ><span class='hr-inner-style'><\/span><\/span><\/div><br \/>\n<section class=\"av_textblock_section \"  itemscope=\"itemscope\" itemtype=\"https:\/\/schema.org\/CreativeWork\" ><div class='avia_textblock  '  style='font-size:16px; '  itemprop=\"text\" ><p><strong><span style=\"color: #ffffff;\">Alternativ schreibe uns eine E-Mail an: <a style=\"color: #ffffff;\" href=\"mailto:info@kahnenbley.de\">info@kahnenbley.de<\/a><\/span><\/strong><\/p>\n<p><strong><span style=\"color: #ffffff;\">Wenn Du uns \u00fcberzeugst, laden wir Dich in unserer B\u00fcro in Winsen (Luhe) ein. <\/span><\/strong><\/p>\n<p><strong><span style=\"color: #ffffff;\">Wir freuen uns auf Deine Bewerbung!<\/span><\/strong><\/p>\n<\/div><\/section><\/p><\/div>\n<\/p>\n","protected":false},"excerpt":{"rendered":"","protected":false},"author":1,"featured_media":0,"parent":0,"menu_order":0,"comment_status":"closed","ping_status":"closed","template":"","meta":{"footnotes":""},"_links":{"self":[{"href":"https:\/\/karriere.kahnenbley.de\/index.php?rest_route=\/wp\/v2\/pages\/19"}],"collection":[{"href":"https:\/\/karriere.kahnenbley.de\/index.php?rest_route=\/wp\/v2\/pages"}],"about":[{"href":"https:\/\/karriere.kahnenbley.de\/index.php?rest_route=\/wp\/v2\/types\/page"}],"author":[{"embeddable":true,"href":"https:\/\/karriere.kahnenbley.de\/index.php?rest_route=\/wp\/v2\/users\/1"}],"replies":[{"embeddable":true,"href":"https:\/\/karriere.kahnenbley.de\/index.php?rest_route=%2Fwp%2Fv2%2Fcomments&post=19"}],"version-history":[{"count":52,"href":"https:\/\/karriere.kahnenbley.de\/index.php?rest_route=\/wp\/v2\/pages\/19\/revisions"}],"predecessor-version":[{"id":82,"href":"https:\/\/karriere.kahnenbley.de\/index.php?rest_route=\/wp\/v2\/pages\/19\/revisions\/82"}],"wp:attachment":[{"href":"https:\/\/karriere.kahnenbley.de\/index.php?rest_route=%2Fwp%2Fv2%2Fmedia&parent=19"}],"curies":[{"name":"wp","href":"https:\/\/api.w.org\/{rel}","templated":true}]}}